{"id":76,"date":"2025-07-26T08:49:09","date_gmt":"2025-07-26T08:49:09","guid":{"rendered":"https:\/\/www.terapeutik.sk\/?page_id=76"},"modified":"2025-08-30T05:45:06","modified_gmt":"2025-08-30T05:45:06","slug":"pre-kolegov","status":"publish","type":"page","link":"https:\/\/www.terapeutik.sk\/en\/pre-kolegov","title":{"rendered":"For colleagues..."},"content":{"rendered":"<p class=\"is-style-text-subtitle has-large-font-size is-style-text-subtitle--1\"><strong>Training of development of therapeutic skills<\/strong><\/p>\n\n\n\n<p class=\"has-medium-font-size translation-block\">This training is intended for mental health professionals <strong>who actively work with clients<\/strong> and wish to expand their repertoire of therapeutic skills.<\/p>\n\n\n\n<p class=\"has-medium-font-size translation-block\">It is intended for participants <strong>across therapeutic approaches<\/strong>, as well as for those who wish to become familiar with an introduction to the theory and practice of Intensive Short-Term Dynamic Psychotherapy (ISTDP).<\/p>\n\n\n\n<p class=\"has-medium-font-size\">Emphasis is placed on developing practical skills in creating a high-quality and safe therapeutic alliance. Participants learn to develop specific skills necessary for psychotherapeutic assessment, the use of effective interventions, and evaluating client responses. The practical session is followed by integration of the material in a group process.<\/p>\n\n\n\n<p class=\"has-medium-font-size\">The training is conducted in two consecutive modules (the first lasting 3 days and the second 2 days). Work is carried out in a group of 8 participants. More information can be found on the website of the Slovak Society for ISTDP.<\/p>\n\n\n\n<div class=\"wp-block-buttons is-content-justification-center is-layout-flex wp-container-core-buttons-is-layout-a89b3969 wp-block-buttons-is-layout-flex\">\n<div class=\"wp-block-button\"><a class=\"wp-block-button__link wp-element-button\" href=\"https:\/\/istdp.sk\/pre-core-trening\">Read more...<\/a><\/div>\n<\/div>\n\n\n\n<hr class=\"wp-block-separator has-alpha-channel-opacity\"\/>\n\n\n\n<p class=\"is-style-text-subtitle has-large-font-size is-style-text-subtitle--2\"><strong>Core training in Intensive Short-Term Dynamic Psychotherapy (ISTDP)<\/strong><\/p>\n\n\n\n<p class=\"has-medium-font-size translation-block\"><strong>Basic Training in Intensive Short-Term Dynamic Psychotherapy<\/strong> (or \u201cISTDP Core Training\u201d) is a three-year comprehensive educational program for practicing therapists <strong>with completed psychotherapeutic education<\/strong> (preferably in one of the psychodynamic approaches) who wish to begin working with the ISTDP approach.<\/p>\n\n\n\n<p class=\"has-medium-font-size\">Currently, the training of the first training group is underway in collaboration with the ISTDP Institute, Washington D.C. (2024\u201327). More information can be found on the website of the Slovak Society for ISTDP.<\/p>\n\n\n\n<div class=\"wp-block-buttons is-content-justification-center is-layout-flex wp-container-core-buttons-is-layout-a89b3969 wp-block-buttons-is-layout-flex\">\n<div class=\"wp-block-button\"><a class=\"wp-block-button__link wp-element-button\" href=\"https:\/\/istdp.sk\/core-trening-istdp\">Read more...<\/a><\/div>\n<\/div>\n\n\n\n<hr class=\"wp-block-separator has-alpha-channel-opacity\"\/>\n\n\n\n<p class=\"is-style-text-subtitle has-large-font-size is-style-text-subtitle--3\"><strong>Supervision and training therapy<\/strong><\/p>\n\n\n\n<p class=\"has-medium-font-size\">In addition to training therapy and supervision for participants of psychodynamic psychotherapy trainings, I provide individual or group supervision of psychotherapeutic work in the ISTDP approach.<\/p>\n\n\n\n<p class=\"has-medium-font-size translation-block\">In ISTDP supervision,  <strong>we work with a video recording of the presented case<\/strong>. Supervision can be conducted individually (in person or online) or online in a group format (with one active presenting participant and the other students as observers, followed by a brief concluding group discussion).<\/p>\n\n\n\n<p class=\"has-medium-font-size\"><strong>Price list<\/strong><\/p>\n\n\n\n<figure class=\"wp-block-table is-style-stripes has-medium-font-size\"><table><tbody><tr><td class=\"translation-block\">Training Therapy \u2013 Individual Session<br>[for participants of psychotherapy trainings]<br>(50 min.)<\/td><td>60.-&nbsp;\u20ac<\/td><\/tr><tr><td>Individual Supervision of Psychotherapeutic Work (50 min.)<\/td><td>60.-&nbsp;\u20ac<\/td><\/tr><tr><td class=\"translation-block\">Individual Supervision of Psychotherapeutic Work<br>in the ISTDP Approach (50 min.)<\/td><td>90.-&nbsp;\u20ac<\/td><\/tr><tr><td class=\"translation-block\">Group Supervision of Psychotherapeutic Work<br>in the ISTDP Approach (60 min.)<\/td><td>120.-&nbsp;\u20ac<\/td><\/tr><\/tbody><\/table><\/figure>","protected":false},"excerpt":{"rendered":"<p>Tr\u00e9ning rozvoja terapeutick\u00fdch zru\u010dnost\u00ed Tento tr\u00e9ning je ur\u010den\u00fd pre odborn\u00edkov z oblasti starostlivosti o du\u0161evn\u00e9 zdravie, ktor\u00ed akt\u00edvne pracuj\u00fa s klientom a chc\u00fa roz\u0161\u00edri\u0165 reperto\u00e1r svojich terapeutick\u00fdch zru\u010dnost\u00ed. Je ur\u010den\u00fd pre z\u00e1ujemcov naprie\u010d terapeutick\u00fdmi pr\u00edstupmi, ako aj pre t\u00fdch, ktor\u00ed sa chc\u00fa obozn\u00e1mi\u0165 s \u00favodom do te\u00f3rie a praxe intenz\u00edvnej kr\u00e1tkodobej dynamickej psychoterapie (ISTDP). D\u00f4raz [&hellip;]<\/p>","protected":false},"author":1,"featured_media":262,"parent":0,"menu_order":4,"comment_status":"closed","ping_status":"closed","template":"","meta":{"footnotes":""},"class_list":["post-76","page","type-page","status-publish","has-post-thumbnail","hentry"],"_links":{"self":[{"href":"https:\/\/www.terapeutik.sk\/en\/wp-json\/wp\/v2\/pages\/76","targetHints":{"allow":["GET"]}}],"collection":[{"href":"https:\/\/www.terapeutik.sk\/en\/wp-json\/wp\/v2\/pages"}],"about":[{"href":"https:\/\/www.terapeutik.sk\/en\/wp-json\/wp\/v2\/types\/page"}],"author":[{"embeddable":true,"href":"https:\/\/www.terapeutik.sk\/en\/wp-json\/wp\/v2\/users\/1"}],"replies":[{"embeddable":true,"href":"https:\/\/www.terapeutik.sk\/en\/wp-json\/wp\/v2\/comments?post=76"}],"version-history":[{"count":0,"href":"https:\/\/www.terapeutik.sk\/en\/wp-json\/wp\/v2\/pages\/76\/revisions"}],"wp:featuredmedia":[{"embeddable":true,"href":"https:\/\/www.terapeutik.sk\/en\/wp-json\/wp\/v2\/media\/262"}],"wp:attachment":[{"href":"https:\/\/www.terapeutik.sk\/en\/wp-json\/wp\/v2\/media?parent=76"}],"curies":[{"name":"wp","href":"https:\/\/api.w.org\/{rel}","templated":true}]}}