{"id":17,"date":"2025-07-25T16:27:31","date_gmt":"2025-07-25T16:27:31","guid":{"rendered":"https:\/\/www.terapeutik.sk\/?page_id=17"},"modified":"2025-12-19T08:21:38","modified_gmt":"2025-12-19T08:21:38","slug":"kontakt","status":"publish","type":"page","link":"https:\/\/www.terapeutik.sk\/en\/kontakt","title":{"rendered":"Contact"},"content":{"rendered":"<p class=\"has-medium-font-size\"><strong>MUDr. Igor Kundr\u00e1t<\/strong><\/p>\n\n\n\n<p class=\"has-medium-font-size\">Pekn\u00e1 cesta 2457\/15<br>831 52 Bratislava III \u2013 m. \u010d. Ra\u010da<br><a href=\"mailto:kundrat@terapeutik.sk\" target=\"_blank\" rel=\"noreferrer noopener\">kundrat@terapeutik.sk<\/a><\/p>\n\n\n\n<hr class=\"wp-block-separator has-alpha-channel-opacity\"\/>\n\n\n\n<p class=\"has-medium-font-size\"><strong>Billing details:<\/strong><\/p>\n\n\n\n<p class=\"has-medium-font-size\"><strong>I\u010cO (Company Registration Number): <\/strong>34375031<br><strong>DI\u010c (Tax Identification Number): <\/strong>1024528142<\/p>\n\n\n\n<hr class=\"wp-block-separator has-alpha-channel-opacity\"\/>\n\n\n\n<p class=\"is-style-default has-medium-font-size\"><strong>Bank account details:<\/strong><\/p>\n\n\n\n<p class=\"has-medium-font-size\"><strong>IBAN:<\/strong> SK82 1100 0000 0029 4626 4612<br><strong>Bank:<\/strong> Tatra banka a. s.<br><strong>SWIFT\/BIC:<\/strong> TATRSKBX<\/p>\n\n\n\n<hr class=\"wp-block-separator has-alpha-channel-opacity\"\/>\n\n\n\n<p class=\"has-medium-font-size\"><strong>Map:<\/strong><\/p>\n\n\n\n<iframe src=\"https:\/\/www.google.com\/maps\/embed?pb=!1m18!1m12!1m3!1d3303.5826813429126!2d17.134920977020705!3d48.19721667125024!2m3!1f0!2f0!3f0!3m2!1i1024!2i768!4f13.1!3m3!1m2!1s0x476c8e879b80f33d%3A0x37ae37ecb0b383ea!2sPekn%C3%A1%20cesta%202457%2F15%2C%20831%2052%20Bratislava!5e1!3m2!1ssk!2ssk!4v1766132405129!5m2!1ssk!2ssk\" width=\"600\" height=\"450\" style=\"border:0;\" allowfullscreen=\"\" loading=\"lazy\" referrerpolicy=\"no-referrer-when-downgrade\"><\/iframe>\n\n\n\n<p class=\"has-medium-font-size translation-block\"><strong>Parking<\/strong> is available directly on Pekn\u00e1 cesta Street and the adjacent streets under the local parking policy.<\/p>\n\n\n\n<hr class=\"wp-block-separator has-alpha-channel-opacity\"\/>\n\n\n\n<p><\/p>","protected":false},"excerpt":{"rendered":"<p>MUDr. Igor Kundr\u00e1t Pekn\u00e1 cesta 2457\/15831 52 Bratislava III \u2013 m. \u010d. Ra\u010dakundrat@terapeutik.sk Faktura\u010dn\u00e9 \u00fadaje: I\u010cO: 34375031DI\u010c: 1024528142 Bankov\u00e9 spojenie: IBAN: SK82 1100 0000 0029 4626 4612Pe\u0148a\u017en\u00fd \u00fastav: Tatra banka a. s.SWIFT\/BIC: TATRSKBX Mapa: Parkovanie je mo\u017en\u00e9 priamo na Peknej ceste a pri\u013eahl\u00fdch uliciach v r\u00e1mci lok\u00e1lnej parkovacej politiky.<\/p>","protected":false},"author":1,"featured_media":264,"parent":0,"menu_order":6,"comment_status":"closed","ping_status":"closed","template":"","meta":{"footnotes":""},"class_list":["post-17","page","type-page","status-publish","has-post-thumbnail","hentry"],"_links":{"self":[{"href":"https:\/\/www.terapeutik.sk\/en\/wp-json\/wp\/v2\/pages\/17","targetHints":{"allow":["GET"]}}],"collection":[{"href":"https:\/\/www.terapeutik.sk\/en\/wp-json\/wp\/v2\/pages"}],"about":[{"href":"https:\/\/www.terapeutik.sk\/en\/wp-json\/wp\/v2\/types\/page"}],"author":[{"embeddable":true,"href":"https:\/\/www.terapeutik.sk\/en\/wp-json\/wp\/v2\/users\/1"}],"replies":[{"embeddable":true,"href":"https:\/\/www.terapeutik.sk\/en\/wp-json\/wp\/v2\/comments?post=17"}],"version-history":[{"count":0,"href":"https:\/\/www.terapeutik.sk\/en\/wp-json\/wp\/v2\/pages\/17\/revisions"}],"wp:featuredmedia":[{"embeddable":true,"href":"https:\/\/www.terapeutik.sk\/en\/wp-json\/wp\/v2\/media\/264"}],"wp:attachment":[{"href":"https:\/\/www.terapeutik.sk\/en\/wp-json\/wp\/v2\/media?parent=17"}],"curies":[{"name":"wp","href":"https:\/\/api.w.org\/{rel}","templated":true}]}}