{"id":15,"date":"2025-07-25T16:24:11","date_gmt":"2025-07-25T16:24:11","guid":{"rendered":"https:\/\/www.terapeutik.sk\/?page_id=15"},"modified":"2025-08-21T14:31:35","modified_gmt":"2025-08-21T14:31:35","slug":"sluzby-a-cennik","status":"publish","type":"page","link":"https:\/\/www.terapeutik.sk\/en\/sluzby-a-cennik","title":{"rendered":"Services &amp; Pricing"},"content":{"rendered":"<p class=\"has-medium-font-size\">Prices are valid from 1st August 2025.<\/p>\n\n\n\n<div style=\"height:37px\" aria-hidden=\"true\" class=\"wp-block-spacer\"><\/div>\n\n\n\n<hr class=\"wp-block-separator has-alpha-channel-opacity\"\/>\n\n\n\n<p class=\"is-style-text-subtitle has-large-font-size is-style-text-subtitle--1\"><strong>Psychotherapy<\/strong><\/p>\n\n\n\n<figure class=\"wp-block-table is-style-regular has-medium-font-size\"><table style=\"border-style:none;border-width:0px\"><tbody><tr><td>Initial diagnostic interview (120 min.)<\/td><td class=\"has-text-align-right\" data-align=\"right\">160.-&nbsp;\u20ac<\/td><\/tr><tr><td class=\"translation-block\">Individual psychotherapy session (50 min.)\n<br>in person \/ online<\/td><td class=\"has-text-align-right\" data-align=\"right\">80.-&nbsp;\u20ac<\/td><\/tr><tr><td>Intensive short-term dynamic psychotherapy (ISTDP) session (75 min.)<\/td><td class=\"has-text-align-right\" data-align=\"right\">120.-&nbsp;\u20ac<\/td><\/tr><\/tbody><\/table><\/figure>\n\n\n\n<p class=\"has-small-font-size\"><strong>V pr\u00edpade zru\u0161enia objednan\u00e9ho sedenia\u00a0menej ako 48 hod\u00edn\u00a0pred jeho za\u010diatkom je \u00fa\u010dtovan\u00fd\u00a0100% storno poplatok.<\/strong><\/p>\n\n\n\n<div style=\"height:37px\" aria-hidden=\"true\" class=\"wp-block-spacer\"><\/div>\n\n\n\n<hr class=\"wp-block-separator has-alpha-channel-opacity\"\/>\n\n\n\n<p class=\"is-style-text-subtitle has-large-font-size is-style-text-subtitle--2\"><strong>Psychiatric services<\/strong><\/p>\n\n\n\n<figure class=\"wp-block-table is-style-regular has-medium-font-size\" style=\"padding-top:0;padding-right:0;padding-bottom:0;padding-left:0\"><table style=\"border-style:none;border-width:0px\"><tbody><tr><td>Initial psychiatric evaluation (90 min.)<\/td><td class=\"has-text-align-right\" data-align=\"right\">150.-&nbsp;\u20ac<\/td><\/tr><tr><td>Psychiatric check-up - basic (up to 30 min.)<\/td><td class=\"has-text-align-right\" data-align=\"right\">40.-&nbsp;\u20ac<\/td><\/tr><tr><td>Psychiatric check-up - extended (up to 50 min.)<\/td><td class=\"has-text-align-right\" data-align=\"right\">60.-&nbsp;\u20ac<\/td><\/tr><tr><td>Consultation with relatives with the client\u2019s consent (up to 50 min.)<\/td><td class=\"has-text-align-right\" data-align=\"right\">60.-&nbsp;\u20ac<\/td><\/tr><tr><td>Professional consultation (50 min.)<\/td><td class=\"has-text-align-right\" data-align=\"right\">60.-&nbsp;\u20ac<\/td><\/tr><tr><td>Preparation of a short medical report<\/td><td class=\"has-text-align-right\" data-align=\"right\">15.-&nbsp;\u20ac<\/td><\/tr><tr><td class=\"translation-block\">Preparation of a detailed medical report<br>\n(e.g., for health or social insurance purposes)<\/td><td class=\"has-text-align-right\" data-align=\"right\">40.-&nbsp;\u20ac<\/td><\/tr><tr><td class=\"translation-block\">Preparation of a medical report for commercial insurance purposes<br>\n(only with a notarized power of attorney from the client)<\/td><td class=\"has-text-align-right\" data-align=\"right\">40.-&nbsp;\u20ac<\/td><\/tr><tr><td class=\"translation-block\">Brief professional consultation for clients under care<br>\n(by e-mail\/phone outside of a scheduled psychiatric check-up)<\/td><td class=\"has-text-align-right\" data-align=\"right\">10.-&nbsp;\u20ac<\/td><\/tr><tr><td>Appointment outside working hours (8:00 a.m.; after 5:00 p.m.)<\/td><td class=\"has-text-align-right\" data-align=\"right\">+10.-&nbsp;\u20ac<\/td><\/tr><\/tbody><\/table><\/figure>\n\n\n\n<p class=\"has-text-align-left has-small-font-size\">The preparation and maintenance of medical records take place outside the time allocated for direct contact with the patient.<br><strong>V pr\u00edpade zru\u0161enia objednan\u00e9ho term\u00ednu menej ako 48 hod\u00edn\u00a0pred jeho za\u010diatkom je \u00fa\u010dtovan\u00fd\u00a0100% storno poplatok.<\/strong><\/p>\n\n\n\n<p class=\"has-text-align-left has-medium-font-size\"><br><strong>Appointments must be scheduled in advance.<\/strong> Please book your appointment in advance by email. If I'm unable to answer due to other commitments, I will get back to you as soon as possible.<\/p>\n\n\n\n<p class=\"has-text-align-left has-medium-font-size\"><strong>No referral from a general practitioner is required.<\/strong><\/p>\n\n\n\n<p class=\"has-text-align-left has-medium-font-size\"><strong>Services are not covered by health insurance.<\/strong> Patients are responsible for covering the full cost of services and prescribed medication.<\/p>\n\n\n\n<div style=\"height:37px\" aria-hidden=\"true\" class=\"wp-block-spacer\"><\/div>\n\n\n\n<hr class=\"wp-block-separator has-alpha-channel-opacity\"\/>\n\n\n\n<p class=\"is-style-text-subtitle has-large-font-size is-style-text-subtitle--3\"><strong>Consultation and counselling<\/strong><\/p>\n\n\n\n<figure class=\"wp-block-table has-medium-font-size\"><table style=\"border-style:none;border-width:0px\"><tbody><tr><td>Individual session (50 min.)<\/td><td class=\"has-text-align-right\" data-align=\"right\">80.-&nbsp;\u20ac<\/td><\/tr><\/tbody><\/table><\/figure>\n\n\n\n<div style=\"height:37px\" aria-hidden=\"true\" class=\"wp-block-spacer\"><\/div>\n\n\n\n<hr class=\"wp-block-separator has-alpha-channel-opacity\"\/>\n\n\n\n<p class=\"is-style-text-subtitle has-large-font-size is-style-text-subtitle--4\"><strong>Supervision and training therapy<\/strong><\/p>\n\n\n\n<p class=\"has-medium-font-size\">See section <a href=\"https:\/\/www.terapeutik.sk\/en\/pre-kolegov\/\" data-type=\"page\" data-id=\"76\">For colleagues...<\/a><\/p>\n\n\n\n<p><\/p>","protected":false},"excerpt":{"rendered":"<p>Ceny platn\u00e9 od 01. 08. 2025. Psychoterapia \u00davodn\u00e9 diagnostick\u00e9 interview (120 min.) 160.-&nbsp;\u20ac Sedenie individu\u00e1lnej psychoterapie (50 min.)osobne \/ online 80.-&nbsp;\u20ac Sedenie intenz\u00edvnej kr\u00e1tkodobej dynamickej psychoterapie (75 min.) 120.-&nbsp;\u20ac V pr\u00edpade zru\u0161enia objednan\u00e9ho sedenia\u00a0menej ako 48 hod\u00edn\u00a0pred jeho za\u010diatkom je \u00fa\u010dtovan\u00fd\u00a0100% storno poplatok. Slu\u017eby psychiatrickej ambulancie Vstupn\u00e9 psychiatrick\u00e9 vy\u0161etrenie (90 min.) 150.-&nbsp;\u20ac Kontroln\u00e9 psychiatrick\u00e9 vy\u0161etrenie [&hellip;]<\/p>","protected":false},"author":1,"featured_media":279,"parent":0,"menu_order":3,"comment_status":"closed","ping_status":"closed","template":"","meta":{"footnotes":""},"class_list":["post-15","page","type-page","status-publish","has-post-thumbnail","hentry"],"_links":{"self":[{"href":"https:\/\/www.terapeutik.sk\/en\/wp-json\/wp\/v2\/pages\/15","targetHints":{"allow":["GET"]}}],"collection":[{"href":"https:\/\/www.terapeutik.sk\/en\/wp-json\/wp\/v2\/pages"}],"about":[{"href":"https:\/\/www.terapeutik.sk\/en\/wp-json\/wp\/v2\/types\/page"}],"author":[{"embeddable":true,"href":"https:\/\/www.terapeutik.sk\/en\/wp-json\/wp\/v2\/users\/1"}],"replies":[{"embeddable":true,"href":"https:\/\/www.terapeutik.sk\/en\/wp-json\/wp\/v2\/comments?post=15"}],"version-history":[{"count":0,"href":"https:\/\/www.terapeutik.sk\/en\/wp-json\/wp\/v2\/pages\/15\/revisions"}],"wp:featuredmedia":[{"embeddable":true,"href":"https:\/\/www.terapeutik.sk\/en\/wp-json\/wp\/v2\/media\/279"}],"wp:attachment":[{"href":"https:\/\/www.terapeutik.sk\/en\/wp-json\/wp\/v2\/media?parent=15"}],"curies":[{"name":"wp","href":"https:\/\/api.w.org\/{rel}","templated":true}]}}